{"id":13,"date":"2025-12-19T14:18:02","date_gmt":"2025-12-19T14:18:02","guid":{"rendered":"https:\/\/flecacervantes.rkinformatika.online\/?page_id=13"},"modified":"2025-12-19T16:36:21","modified_gmt":"2025-12-19T16:36:21","slug":"inici","status":"publish","type":"page","link":"https:\/\/flecacervantes.com\/es\/","title":{"rendered":"Inicio"},"content":{"rendered":"<div data-elementor-type=\"wp-page\" data-elementor-id=\"13\" class=\"elementor elementor-13\" data-elementor-post-type=\"page\">\n\t\t\t\t\t\t<section class=\"elementor-section elementor-top-section elementor-element elementor-element-06dd364 elementor-section-boxed elementor-section-height-default elementor-section-height-default\" data-id=\"06dd364\" data-element_type=\"section\" data-e-type=\"section\" data-settings=\"{&quot;background_background&quot;:&quot;classic&quot;}\">\n\t\t\t\t\t\t\t<div class=\"elementor-background-overlay\"><\/div>\n\t\t\t\t\t\t\t<div class=\"elementor-container elementor-column-gap-default\">\n\t\t\t\t\t<div class=\"elementor-column elementor-col-100 elementor-top-column elementor-element elementor-element-a47eae2\" data-id=\"a47eae2\" data-element_type=\"column\" data-e-type=\"column\">\n\t\t\t<div class=\"elementor-widget-wrap\">\n\t\t\t\t\t\t\t<\/div>\n\t\t<\/div>\n\t\t\t\t\t<\/div>\n\t\t<\/section>\n\t\t<div class=\"elementor-element elementor-element-4fc0e9e e-flex e-con-boxed e-con e-parent\" data-id=\"4fc0e9e\" data-element_type=\"container\" data-e-type=\"container\">\n\t\t\t\t\t<div class=\"e-con-inner\">\n\t\t<div class=\"elementor-element elementor-element-9c83880 e-con-full e-flex e-con e-child\" data-id=\"9c83880\" data-element_type=\"container\" data-e-type=\"container\">\n\t\t\t\t<div class=\"elementor-element elementor-element-2df51f0 elementor-widget elementor-widget-heading\" data-id=\"2df51f0\" data-element_type=\"widget\" data-e-type=\"widget\" data-widget_type=\"heading.default\">\n\t\t\t\t\t<h2 class=\"elementor-heading-title elementor-size-default\">Sobre Nosotros<\/h2>\t\t\t\t<\/div>\n\t\t\t\t<div class=\"elementor-element elementor-element-f405fbf elementor-widget elementor-widget-text-editor\" data-id=\"f405fbf\" data-element_type=\"widget\" data-e-type=\"widget\" data-widget_type=\"text-editor.default\">\n\t\t\t\t\t\t\t\t\t<p>La Fleca Cervantes nace de la pasi\u00f3n por preservar la aut\u00e9ntica tradici\u00f3n de la panader\u00eda artesanal. Elaboramos pan hecho a mano, con masa madre natural, harinas seleccionadas y fermentaciones lentas, respetando los sabores y los aromas de siempre.<\/p><p>Nuestro objetivo es ofrecer productos saludables, de alta calidad y con alma, hechos con cari\u00f1o, paciencia y respeto por los procesos artesanales.<\/p><p>Ofrecemos una cuidada selecci\u00f3n de panes tradicionales y especiales, boller\u00eda artesanal, reposter\u00eda casera, as\u00ed como encargos personalizados para celebraciones y eventos. Tambi\u00e9n disponemos de productos sin gluten y sin lactosa.<\/p><p>En la Fleca Cervantes, cada pieza refleja nuestra dedicaci\u00f3n y el amor por el oficio.<\/p>\t\t\t\t\t\t\t\t<\/div>\n\t\t\t\t<\/div>\n\t\t<div class=\"elementor-element elementor-element-5dfb2b1 e-con-full e-flex e-con e-child\" data-id=\"5dfb2b1\" data-element_type=\"container\" data-e-type=\"container\">\n\t\t\t\t<div class=\"elementor-element elementor-element-3899268 elementor-arrows-position-inside elementor-pagination-position-outside elementor-widget elementor-widget-image-carousel\" data-id=\"3899268\" data-element_type=\"widget\" data-e-type=\"widget\" data-settings=\"{&quot;slides_to_show&quot;:&quot;1&quot;,&quot;navigation&quot;:&quot;both&quot;,&quot;autoplay&quot;:&quot;yes&quot;,&quot;pause_on_hover&quot;:&quot;yes&quot;,&quot;pause_on_interaction&quot;:&quot;yes&quot;,&quot;autoplay_speed&quot;:5000,&quot;infinite&quot;:&quot;yes&quot;,&quot;effect&quot;:&quot;slide&quot;,&quot;speed&quot;:500}\" data-widget_type=\"image-carousel.default\">\n\t\t\t\t\t\t\t<div class=\"elementor-image-carousel-wrapper swiper\" role=\"region\" aria-roledescription=\"carousel\" aria-label=\"Carrusel de im\u00e1genes\" dir=\"ltr\">\n\t\t\t<div class=\"elementor-image-carousel swiper-wrapper swiper-image-stretch\" aria-live=\"off\">\n\t\t\t\t\t\t\t\t<div class=\"swiper-slide\" role=\"group\" aria-roledescription=\"slide\" aria-label=\"1 de 7\" data-no-translation-aria-label=\"\"><figure class=\"swiper-slide-inner\"><img decoding=\"async\" class=\"swiper-slide-image\" src=\"https:\/\/flecacervantes.com\/wp-content\/uploads\/2025\/12\/306744326_600730174865510_1251520275736131958_n.jpg\" alt=\"306744326_600730174865510_1251520275736131958_n\" \/><\/figure><\/div><div class=\"swiper-slide\" role=\"group\" aria-roledescription=\"slide\" aria-label=\"2 de 7\" data-no-translation-aria-label=\"\"><figure class=\"swiper-slide-inner\"><img decoding=\"async\" class=\"swiper-slide-image\" src=\"https:\/\/flecacervantes.com\/wp-content\/uploads\/2025\/12\/312718642_1271365513707316_6792167479587963406_n.jpg\" alt=\"\" \/><\/figure><\/div><div class=\"swiper-slide\" role=\"group\" aria-roledescription=\"slide\" aria-label=\"3 de 7\" data-no-translation-aria-label=\"\"><figure class=\"swiper-slide-inner\"><img decoding=\"async\" class=\"swiper-slide-image\" src=\"https:\/\/flecacervantes.com\/wp-content\/uploads\/2025\/12\/312798937_845995360080239_1732059042422402407_n.jpg\" alt=\"312798937_845995360080239_1732059042422402407_n\" \/><\/figure><\/div><div class=\"swiper-slide\" role=\"group\" aria-roledescription=\"slide\" aria-label=\"4 de 7\" data-no-translation-aria-label=\"\"><figure class=\"swiper-slide-inner\"><img decoding=\"async\" class=\"swiper-slide-image\" src=\"https:\/\/flecacervantes.com\/wp-content\/uploads\/2025\/12\/380179114_3141566859320644_3456214610589713477_n.jpg\" alt=\"380179114_3141566859320644_3456214610589713477_n\" \/><\/figure><\/div><div class=\"swiper-slide\" role=\"group\" aria-roledescription=\"slide\" aria-label=\"5 de 7\" data-no-translation-aria-label=\"\"><figure class=\"swiper-slide-inner\"><img decoding=\"async\" class=\"swiper-slide-image\" src=\"https:\/\/flecacervantes.com\/wp-content\/uploads\/2025\/12\/429671657_1171249047591745_6652399678150236104_n.jpg\" alt=\"429671657_1171249047591745_6652399678150236104_n\" \/><\/figure><\/div><div class=\"swiper-slide\" role=\"group\" aria-roledescription=\"slide\" aria-label=\"6 de 7\" data-no-translation-aria-label=\"\"><figure class=\"swiper-slide-inner\"><img decoding=\"async\" class=\"swiper-slide-image\" src=\"https:\/\/flecacervantes.com\/wp-content\/uploads\/2025\/12\/434372149_697191672367334_6924356693829275948_n.jpg\" alt=\"434372149_697191672367334_6924356693829275948_n\" \/><\/figure><\/div><div class=\"swiper-slide\" role=\"group\" aria-roledescription=\"slide\" aria-label=\"7 de 7\" data-no-translation-aria-label=\"\"><figure class=\"swiper-slide-inner\"><img decoding=\"async\" class=\"swiper-slide-image\" src=\"https:\/\/flecacervantes.com\/wp-content\/uploads\/2025\/12\/462219202_812484544155239_5945151109544953496_n.jpg\" alt=\"\" \/><\/figure><\/div>\t\t\t<\/div>\n\t\t\t\t\t\t\t\t\t\t\t\t<div class=\"elementor-swiper-button elementor-swiper-button-prev\" role=\"button\" tabindex=\"0\">\n\t\t\t\t\t\t<svg aria-hidden=\"true\" class=\"e-font-icon-svg e-eicon-chevron-left\" viewbox=\"0 0 1000 1000\" xmlns=\"http:\/\/www.w3.org\/2000\/svg\"><path d=\"M646 125C629 125 613 133 604 142L308 442C296 454 292 471 292 487 292 504 296 521 308 533L604 854C617 867 629 875 646 875 663 875 679 871 692 858 704 846 713 829 713 812 713 796 708 779 692 767L438 487 692 225C700 217 708 204 708 187 708 171 704 154 692 142 675 129 663 125 646 125Z\"><\/path><\/svg>\t\t\t\t\t<\/div>\n\t\t\t\t\t<div class=\"elementor-swiper-button elementor-swiper-button-next\" role=\"button\" tabindex=\"0\">\n\t\t\t\t\t\t<svg aria-hidden=\"true\" class=\"e-font-icon-svg e-eicon-chevron-right\" viewbox=\"0 0 1000 1000\" xmlns=\"http:\/\/www.w3.org\/2000\/svg\"><path d=\"M696 533C708 521 713 504 713 487 713 471 708 454 696 446L400 146C388 133 375 125 354 125 338 125 325 129 313 142 300 154 292 171 292 187 292 204 296 221 308 233L563 492 304 771C292 783 288 800 288 817 288 833 296 850 308 863 321 871 338 875 354 875 371 875 388 867 400 854L696 533Z\"><\/path><\/svg>\t\t\t\t\t<\/div>\n\t\t\t\t\n\t\t\t\t\t\t\t\t\t<div class=\"swiper-pagination\"><\/div>\n\t\t\t\t\t\t\t\t\t<\/div>\n\t\t\t\t\t\t<\/div>\n\t\t\t\t<\/div>\n\t\t\t\t\t<\/div>\n\t\t\t\t<\/div>\n\t\t<div class=\"elementor-element elementor-element-0b27b1d e-flex e-con-boxed e-con e-parent\" data-id=\"0b27b1d\" data-element_type=\"container\" data-e-type=\"container\" data-settings=\"{&quot;background_background&quot;:&quot;classic&quot;}\">\n\t\t\t\t\t<div class=\"e-con-inner\">\n\t\t\t\t<div class=\"elementor-element elementor-element-abdf0ec elementor-invisible elementor-widget elementor-widget-heading\" data-id=\"abdf0ec\" data-element_type=\"widget\" data-e-type=\"widget\" data-settings=\"{&quot;_animation&quot;:&quot;fadeInRight&quot;}\" data-widget_type=\"heading.default\">\n\t\t\t\t\t<h2 class=\"elementor-heading-title elementor-size-default\">Descubre el sabor aut\u00e9ntico del pan artesanal, hecho con pasi\u00f3n y tradici\u00f3n.<\/h2>\t\t\t\t<\/div>\n\t\t\t\t\t<\/div>\n\t\t\t\t<\/div>\n\t\t\t\t<\/div>","protected":false},"excerpt":{"rendered":"<p>Sobre Nosaltres La Fleca Cervantes neix de la passi\u00f3 per preservar l\u2019aut\u00e8ntica tradici\u00f3 de la fleca artesanal. Elaborem pa fet a m\u00e0, amb massa mare natural, farines seleccionades i fermentacions lentes, respectant els sabors i les aromes de sempre. El nostre objectiu \u00e9s oferir productes saludables, d\u2019alta qualitat i amb \u00e0nima, fets amb estima, paci\u00e8ncia [&hellip;]<\/p>\n","protected":false},"author":1,"featured_media":0,"parent":0,"menu_order":0,"comment_status":"closed","ping_status":"closed","template":"elementor_canvas","meta":{"footnotes":""},"class_list":["post-13","page","type-page","status-publish","hentry"],"yoast_head":"<!-- This site is optimized with the Yoast SEO plugin v27.3 - https:\/\/yoast.com\/product\/yoast-seo-wordpress\/ -->\n<title>Inici - Fleca Cervantes<\/title>\n<meta name=\"robots\" content=\"index, follow, max-snippet:-1, max-image-preview:large, max-video-preview:-1\" \/>\n<link rel=\"canonical\" href=\"https:\/\/flecacervantes.com\/es\/\" \/>\n<meta property=\"og:locale\" content=\"es_ES\" \/>\n<meta property=\"og:type\" content=\"article\" \/>\n<meta property=\"og:title\" content=\"Inici - Fleca Cervantes\" \/>\n<meta property=\"og:description\" content=\"Sobre Nosaltres La Fleca Cervantes neix de la passi\u00f3 per preservar l\u2019aut\u00e8ntica tradici\u00f3 de la fleca artesanal. Elaborem pa fet a m\u00e0, amb massa mare natural, farines seleccionades i fermentacions lentes, respectant els sabors i les aromes de sempre. El nostre objectiu \u00e9s oferir productes saludables, d\u2019alta qualitat i amb \u00e0nima, fets amb estima, paci\u00e8ncia [&hellip;]\" \/>\n<meta property=\"og:url\" content=\"https:\/\/flecacervantes.com\/es\/\" \/>\n<meta property=\"og:site_name\" content=\"Fleca Cervantes\" \/>\n<meta property=\"article:modified_time\" content=\"2025-12-19T16:36:21+00:00\" \/>\n<meta property=\"og:image\" content=\"https:\/\/flecacervantes.com\/wp-content\/uploads\/2025\/12\/306744326_600730174865510_1251520275736131958_n.jpg\" \/>\n<meta name=\"twitter:card\" content=\"summary_large_image\" \/>\n<meta name=\"twitter:label1\" content=\"Tiempo de lectura\" \/>\n\t<meta name=\"twitter:data1\" content=\"3 minutos\" \/>\n<script type=\"application\/ld+json\" class=\"yoast-schema-graph\">{\"@context\":\"https:\\\/\\\/schema.org\",\"@graph\":[{\"@type\":\"WebPage\",\"@id\":\"https:\\\/\\\/flecacervantes.com\\\/\",\"url\":\"https:\\\/\\\/flecacervantes.com\\\/\",\"name\":\"Inici - Fleca Cervantes\",\"isPartOf\":{\"@id\":\"https:\\\/\\\/flecacervantes.com\\\/#website\"},\"primaryImageOfPage\":{\"@id\":\"https:\\\/\\\/flecacervantes.com\\\/#primaryimage\"},\"image\":{\"@id\":\"https:\\\/\\\/flecacervantes.com\\\/#primaryimage\"},\"thumbnailUrl\":\"https:\\\/\\\/flecacervantes.com\\\/wp-content\\\/uploads\\\/2025\\\/12\\\/306744326_600730174865510_1251520275736131958_n.jpg\",\"datePublished\":\"2025-12-19T14:18:02+00:00\",\"dateModified\":\"2025-12-19T16:36:21+00:00\",\"breadcrumb\":{\"@id\":\"https:\\\/\\\/flecacervantes.com\\\/#breadcrumb\"},\"inLanguage\":\"es\",\"potentialAction\":[{\"@type\":\"ReadAction\",\"target\":[\"https:\\\/\\\/flecacervantes.com\\\/\"]}]},{\"@type\":\"ImageObject\",\"inLanguage\":\"es\",\"@id\":\"https:\\\/\\\/flecacervantes.com\\\/#primaryimage\",\"url\":\"https:\\\/\\\/flecacervantes.com\\\/wp-content\\\/uploads\\\/2025\\\/12\\\/306744326_600730174865510_1251520275736131958_n.jpg\",\"contentUrl\":\"https:\\\/\\\/flecacervantes.com\\\/wp-content\\\/uploads\\\/2025\\\/12\\\/306744326_600730174865510_1251520275736131958_n.jpg\"},{\"@type\":\"BreadcrumbList\",\"@id\":\"https:\\\/\\\/flecacervantes.com\\\/#breadcrumb\",\"itemListElement\":[{\"@type\":\"ListItem\",\"position\":1,\"name\":\"Portada\",\"item\":\"https:\\\/\\\/flecacervantes.com\\\/\"},{\"@type\":\"ListItem\",\"position\":2,\"name\":\"Inici\"}]},{\"@type\":\"WebSite\",\"@id\":\"https:\\\/\\\/flecacervantes.com\\\/#website\",\"url\":\"https:\\\/\\\/flecacervantes.com\\\/\",\"name\":\"Fleca Cervantes\",\"description\":\"PANADER\u00cdA ARTESANAL\",\"publisher\":{\"@id\":\"https:\\\/\\\/flecacervantes.com\\\/#organization\"},\"potentialAction\":[{\"@type\":\"SearchAction\",\"target\":{\"@type\":\"EntryPoint\",\"urlTemplate\":\"https:\\\/\\\/flecacervantes.com\\\/?s={search_term_string}\"},\"query-input\":{\"@type\":\"PropertyValueSpecification\",\"valueRequired\":true,\"valueName\":\"search_term_string\"}}],\"inLanguage\":\"es\"},{\"@type\":\"Organization\",\"@id\":\"https:\\\/\\\/flecacervantes.com\\\/#organization\",\"name\":\"Fleca Cervantes\",\"url\":\"https:\\\/\\\/flecacervantes.com\\\/\",\"logo\":{\"@type\":\"ImageObject\",\"inLanguage\":\"es\",\"@id\":\"https:\\\/\\\/flecacervantes.com\\\/#\\\/schema\\\/logo\\\/image\\\/\",\"url\":\"https:\\\/\\\/flecacervantes.com\\\/wp-content\\\/uploads\\\/2025\\\/12\\\/cropped-flecacervantes202511_logo_web.png\",\"contentUrl\":\"https:\\\/\\\/flecacervantes.com\\\/wp-content\\\/uploads\\\/2025\\\/12\\\/cropped-flecacervantes202511_logo_web.png\",\"width\":1080,\"height\":468,\"caption\":\"Fleca Cervantes\"},\"image\":{\"@id\":\"https:\\\/\\\/flecacervantes.com\\\/#\\\/schema\\\/logo\\\/image\\\/\"}}]}<\/script>\n<!-- \/ Yoast SEO plugin. -->","yoast_head_json":{"title":"Inici - Fleca Cervantes","robots":{"index":"index","follow":"follow","max-snippet":"max-snippet:-1","max-image-preview":"max-image-preview:large","max-video-preview":"max-video-preview:-1"},"canonical":"https:\/\/flecacervantes.com\/es\/","og_locale":"es_ES","og_type":"article","og_title":"Inici - Fleca Cervantes","og_description":"Sobre Nosaltres La Fleca Cervantes neix de la passi\u00f3 per preservar l\u2019aut\u00e8ntica tradici\u00f3 de la fleca artesanal. Elaborem pa fet a m\u00e0, amb massa mare natural, farines seleccionades i fermentacions lentes, respectant els sabors i les aromes de sempre. El nostre objectiu \u00e9s oferir productes saludables, d\u2019alta qualitat i amb \u00e0nima, fets amb estima, paci\u00e8ncia [&hellip;]","og_url":"https:\/\/flecacervantes.com\/es\/","og_site_name":"Fleca Cervantes","article_modified_time":"2025-12-19T16:36:21+00:00","og_image":[{"url":"https:\/\/flecacervantes.com\/wp-content\/uploads\/2025\/12\/306744326_600730174865510_1251520275736131958_n.jpg","type":"","width":"","height":""}],"twitter_card":"summary_large_image","twitter_misc":{"Tiempo de lectura":"3 minutos"},"schema":{"@context":"https:\/\/schema.org","@graph":[{"@type":"WebPage","@id":"https:\/\/flecacervantes.com\/","url":"https:\/\/flecacervantes.com\/","name":"Inici - Fleca Cervantes","isPartOf":{"@id":"https:\/\/flecacervantes.com\/#website"},"primaryImageOfPage":{"@id":"https:\/\/flecacervantes.com\/#primaryimage"},"image":{"@id":"https:\/\/flecacervantes.com\/#primaryimage"},"thumbnailUrl":"https:\/\/flecacervantes.com\/wp-content\/uploads\/2025\/12\/306744326_600730174865510_1251520275736131958_n.jpg","datePublished":"2025-12-19T14:18:02+00:00","dateModified":"2025-12-19T16:36:21+00:00","breadcrumb":{"@id":"https:\/\/flecacervantes.com\/#breadcrumb"},"inLanguage":"es","potentialAction":[{"@type":"ReadAction","target":["https:\/\/flecacervantes.com\/"]}]},{"@type":"ImageObject","inLanguage":"es","@id":"https:\/\/flecacervantes.com\/#primaryimage","url":"https:\/\/flecacervantes.com\/wp-content\/uploads\/2025\/12\/306744326_600730174865510_1251520275736131958_n.jpg","contentUrl":"https:\/\/flecacervantes.com\/wp-content\/uploads\/2025\/12\/306744326_600730174865510_1251520275736131958_n.jpg"},{"@type":"BreadcrumbList","@id":"https:\/\/flecacervantes.com\/#breadcrumb","itemListElement":[{"@type":"ListItem","position":1,"name":"Portada","item":"https:\/\/flecacervantes.com\/"},{"@type":"ListItem","position":2,"name":"Inici"}]},{"@type":"WebSite","@id":"https:\/\/flecacervantes.com\/#website","url":"https:\/\/flecacervantes.com\/","name":"Fleca Cervantes","description":"PANADER\u00cdA ARTESANAL","publisher":{"@id":"https:\/\/flecacervantes.com\/#organization"},"potentialAction":[{"@type":"SearchAction","target":{"@type":"EntryPoint","urlTemplate":"https:\/\/flecacervantes.com\/?s={search_term_string}"},"query-input":{"@type":"PropertyValueSpecification","valueRequired":true,"valueName":"search_term_string"}}],"inLanguage":"es"},{"@type":"Organization","@id":"https:\/\/flecacervantes.com\/#organization","name":"Fleca Cervantes","url":"https:\/\/flecacervantes.com\/","logo":{"@type":"ImageObject","inLanguage":"es","@id":"https:\/\/flecacervantes.com\/#\/schema\/logo\/image\/","url":"https:\/\/flecacervantes.com\/wp-content\/uploads\/2025\/12\/cropped-flecacervantes202511_logo_web.png","contentUrl":"https:\/\/flecacervantes.com\/wp-content\/uploads\/2025\/12\/cropped-flecacervantes202511_logo_web.png","width":1080,"height":468,"caption":"Fleca Cervantes"},"image":{"@id":"https:\/\/flecacervantes.com\/#\/schema\/logo\/image\/"}}]}},"_links":{"self":[{"href":"https:\/\/flecacervantes.com\/es\/wp-json\/wp\/v2\/pages\/13","targetHints":{"allow":["GET"]}}],"collection":[{"href":"https:\/\/flecacervantes.com\/es\/wp-json\/wp\/v2\/pages"}],"about":[{"href":"https:\/\/flecacervantes.com\/es\/wp-json\/wp\/v2\/types\/page"}],"author":[{"embeddable":true,"href":"https:\/\/flecacervantes.com\/es\/wp-json\/wp\/v2\/users\/1"}],"replies":[{"embeddable":true,"href":"https:\/\/flecacervantes.com\/es\/wp-json\/wp\/v2\/comments?post=13"}],"version-history":[{"count":44,"href":"https:\/\/flecacervantes.com\/es\/wp-json\/wp\/v2\/pages\/13\/revisions"}],"predecessor-version":[{"id":232,"href":"https:\/\/flecacervantes.com\/es\/wp-json\/wp\/v2\/pages\/13\/revisions\/232"}],"wp:attachment":[{"href":"https:\/\/flecacervantes.com\/es\/wp-json\/wp\/v2\/media?parent=13"}],"curies":[{"name":"wp","href":"https:\/\/api.w.org\/{rel}","templated":true}]}}